{"id":33,"date":"2021-11-27T22:42:01","date_gmt":"2021-11-27T22:42:01","guid":{"rendered":"https:\/\/plumber-gp.wordifysites.com\/?page_id=33"},"modified":"2024-04-03T16:53:14","modified_gmt":"2024-04-03T14:53:14","slug":"company","status":"publish","type":"page","link":"https:\/\/staging.unitek.at\/de\/company\/","title":{"rendered":"\u00dcber uns"},"content":{"rendered":"<section class=\"gb-container gb-container-fe6b4557\">\n\n<h2 class=\"gb-headline gb-headline-15114fa3\"><span class=\"gb-icon\"><svg xmlns=\"http:\/\/www.w3.org\/2000\/svg\" width=\"16\" height=\"16\" class=\"bi bi-dash\" viewbox=\"0 0 16 16\">   <path d=\"M4 8a.5.5 0 0 1 .5-.5h7a.5.5 0 0 1 0 1h-7A.5.5 0 0 1 4 8z\"><\/path> <\/svg><\/span><span class=\"gb-headline-text\"><span role=\"textbox\" aria-multiline=\"true\" aria-label=\"Headline\" aria-readonly=\"false\" name=\"generateblocks\/headline\" contenteditable=\"true\" class=\"block-editor-rich-text__editable rich-text\" data-wp-block-attribute-key=\"1\" style=\"white-space: pre-wrap; min-width: 1px;\">Entdecken Sie unser Unternehmen: UNITEK - Pioniere in der Draht- und Kabelproduktion seit 1979<\/span><\/span><\/h2>\n\n\n\n<p class=\"gb-headline gb-headline-d99fbab7 gb-headline-text\">UNITEK ist f\u00fchrendes Unternehmen in der Kabelextrusion mit festzentrierten Querspritzk\u00f6pfen. Wir entwickeln &amp; produzieren seit 1979 modernste Extrusionstechnologie, einschlie\u00dflich automatischer Farbwechsel- und Reinigungssysteme. Seit \u00fcber 40 Jahren liefern wir technische L\u00f6sungen von h\u00f6chster Qulit\u00e4t.<\/p>\n\n\n\n<p class=\"gb-headline gb-headline-c9d100d2 gb-headline-text\">Durch unsere \"State-of-the-Art\" Konstruktions- &amp; Fertigungsm\u00f6glichkeiten, konnten wir \u00fcber die Jahre fast 100% Kundenzufriedenheit erreichen. Durch permanente Entwicklungen, konnte die Produktivit\u00e4t der Kabel- und Extrusionsindustrie kontinuierlich gesteigert. Kontaktieren Sie uns &amp; \u00fcberzeugen auch Sie sich von den UNITEK-Produkten &amp; Dienstleistungen und heben Sie Ihre Produktivit\u00e4t auf ein neues Niveau.<\/p>\n\n\n\n<figure class=\"wp-block-embed is-type-video is-provider-youtube wp-block-embed-youtube wp-embed-aspect-16-9 wp-has-aspect-ratio\"><div class=\"wp-block-embed__wrapper\">\n<iframe loading=\"lazy\" title=\"Unitek AT\" width=\"1200\" height=\"675\" src=\"https:\/\/www.youtube.com\/embed\/-cDorL_eLWQ?feature=oembed\" frameborder=\"0\" allow=\"accelerometer; autoplay; clipboard-write; encrypted-media; gyroscope; picture-in-picture; web-share\" referrerpolicy=\"strict-origin-when-cross-origin\" allowfullscreen><\/iframe>\n<\/div><\/figure>\n\n\n\n<div style=\"height:100px\" aria-hidden=\"true\" class=\"wp-block-spacer\"><\/div>\n\n\n<div class=\"gb-grid-wrapper gb-grid-wrapper-6a577ce9\">\n<div class=\"gb-grid-column gb-grid-column-2eecabcc\"><div class=\"gb-container gb-container-2eecabcc\"><\/div><\/div>\n\n<div class=\"gb-grid-column gb-grid-column-febae7a6\"><div class=\"gb-container gb-container-febae7a6\">\n\n<h2 class=\"gb-headline gb-headline-4553b41f gb-headline-text\">Unsere Philosophie&nbsp;<\/h2>\n\n\n\n<p class=\"gb-headline gb-headline-483945fc gb-headline-text\">Die UNITEK-Philosophie ist seit jeher gepr\u00e4gt von h\u00f6chsten Standards in Forschung und Entwicklung sowie der Werkzeugfertigung auf modernsten Produktionsanlagen. Enge Kontakte zu unseren Kunden sowie zu Kabel- und Maschinenherstellern sorgen f\u00fcr Produkte am letzten Stand der Technik. \nDas UNITEK Team aus Konstrukteuren, Produktionstechnikern und Vertriebsmanagern mit seinem technischen Background &amp; \u00fcber 40 Jahren Erfahrung in der Extrusions- und Kabelindustrie, bietet Ihnen innovative L\u00f6sungen f\u00fcr die Anforderungen der heutigen Kabelindustrie.<\/p>\n\n<\/div><\/div>\n<\/div>\n\n\n<div style=\"height:0px\" aria-hidden=\"true\" class=\"wp-block-spacer\"><\/div>\n\n\n\n<div style=\"height:100px\" aria-hidden=\"true\" class=\"wp-block-spacer\"><\/div>\n\n\n<div class=\"gb-grid-wrapper gb-grid-wrapper-d81a1b0f\">\n<div class=\"gb-grid-column gb-grid-column-0f3bfa0b\"><div class=\"gb-container gb-container-0f3bfa0b\">\n\n<h2 class=\"gb-headline gb-headline-dd98532b gb-headline-text\">Das Unternehmen auf einen Blick<\/h2>\n\n\n\n<p class=\"gb-headline gb-headline-da934206 gb-headline-text\">Weltweit f\u00fchrender Hersteller von Querspritzk\u00f6pfen und Zubeh\u00f6r<\/p>\n\n\n\n<ul class=\"wp-block-list\">\n<li>mehr als 40 Jahre Erfahrung in der Kabelindustrie<\/li>\n\n\n\n<li><a href=\"https:\/\/staging.unitek.at\/de\/contact\/\" data-type=\"page\" data-id=\"37\">Headquarters: Vienna, Austria<\/a><\/li>\n\n\n\n<li><a href=\"https:\/\/staging.unitek.at\/de\/where-to-buy\/\" data-type=\"page\" data-id=\"1275\">Niederlassungen: USA\/Kanada und Japan<\/a><\/li>\n\n\n\n<li>Vertriebspartner weltweit<\/li>\n\n\n\n<li>Kunden in \u00fcber 60 L\u00e4ndern<\/li>\n\n\n\n<li>Family owned business<\/li>\n<\/ul>\n\n<\/div><\/div>\n\n<div class=\"gb-grid-column gb-grid-column-505eb91f\"><div class=\"gb-container gb-container-505eb91f\"><\/div><\/div>\n<\/div>\n\n\n<div style=\"height:100px\" aria-hidden=\"true\" class=\"wp-block-spacer\"><\/div>\n\n\n\n<h2 class=\"gb-headline gb-headline-41e210d3 gb-headline-text\">Download Informationsfolder (PDF)<\/h2>\n\n\n<div class=\"gb-grid-wrapper gb-grid-wrapper-818c0602\">\n<div class=\"gb-grid-column gb-grid-column-756544f4\"><div class=\"gb-container gb-container-756544f4\">\n<div class=\"wp-block-image\">\n<figure class=\"aligncenter size-full\"><img loading=\"lazy\" decoding=\"async\" width=\"125\" height=\"177\" src=\"https:\/\/staging.unitek.at\/wp-content\/uploads\/unitek-company-overview.png\" alt=\"Unitek Company overview folder\" class=\"wp-image-1428\"\/><\/figure>\n<\/div>\n\n\n<p class=\"gb-headline gb-headline-dbe0b77f\"><span class=\"gb-icon\"><svg aria-hidden=\"true\" role=\"img\" height=\"1em\" width=\"1em\" viewbox=\"0 0 448 512\" xmlns=\"http:\/\/www.w3.org\/2000\/svg\"><path fill=\"currentColor\" d=\"M448 360V24c0-13.3-10.7-24-24-24H96C43 0 0 43 0 96v320c0 53 43 96 96 96h328c13.3 0 24-10.7 24-24v-16c0-7.5-3.5-14.3-8.9-18.7-4.2-15.4-4.2-59.3 0-74.7 5.4-4.3 8.9-11.1 8.9-18.6zM128 134c0-3.3 2.7-6 6-6h212c3.3 0 6 2.7 6 6v20c0 3.3-2.7 6-6 6H134c-3.3 0-6-2.7-6-6v-20zm0 64c0-3.3 2.7-6 6-6h212c3.3 0 6 2.7 6 6v20c0 3.3-2.7 6-6 6H134c-3.3 0-6-2.7-6-6v-20zm253.4 250H96c-17.7 0-32-14.3-32-32 0-17.6 14.4-32 32-32h285.4c-1.9 17.1-1.9 46.9 0 64z\"><\/path><\/svg><\/span><span class=\"gb-headline-text\">Download: <strong><a href=\"https:\/\/staging.unitek.at\/wp-content\/uploads\/unitek-corporate-folder.pdf\" data-type=\"attachment\" data-id=\"1431\" target=\"_blank\" rel=\"noreferrer noopener\">Unitek Kurz\u00fcbersicht<\/a><\/strong><\/span><\/p>\n\n<\/div><\/div>\n\n<div class=\"gb-grid-column gb-grid-column-c7c9a3f1\"><div class=\"gb-container gb-container-c7c9a3f1\">\n<div class=\"wp-block-image\">\n<figure class=\"aligncenter size-full\"><img loading=\"lazy\" decoding=\"async\" width=\"125\" height=\"177\" src=\"https:\/\/staging.unitek.at\/wp-content\/uploads\/unitek-product-overview.png\" alt=\"Unitek product overview folder\" class=\"wp-image-1429\"\/><\/figure>\n<\/div>\n\n\n<p class=\"gb-headline gb-headline-b2cbd1e3\"><span class=\"gb-icon\"><svg aria-hidden=\"true\" role=\"img\" height=\"1em\" width=\"1em\" viewbox=\"0 0 448 512\" xmlns=\"http:\/\/www.w3.org\/2000\/svg\"><path fill=\"currentColor\" d=\"M448 360V24c0-13.3-10.7-24-24-24H96C43 0 0 43 0 96v320c0 53 43 96 96 96h328c13.3 0 24-10.7 24-24v-16c0-7.5-3.5-14.3-8.9-18.7-4.2-15.4-4.2-59.3 0-74.7 5.4-4.3 8.9-11.1 8.9-18.6zM128 134c0-3.3 2.7-6 6-6h212c3.3 0 6 2.7 6 6v20c0 3.3-2.7 6-6 6H134c-3.3 0-6-2.7-6-6v-20zm0 64c0-3.3 2.7-6 6-6h212c3.3 0 6 2.7 6 6v20c0 3.3-2.7 6-6 6H134c-3.3 0-6-2.7-6-6v-20zm253.4 250H96c-17.7 0-32-14.3-32-32 0-17.6 14.4-32 32-32h285.4c-1.9 17.1-1.9 46.9 0 64z\"><\/path><\/svg><\/span><span class=\"gb-headline-text\">Download: <strong><a href=\"https:\/\/staging.unitek.at\/wp-content\/uploads\/unitek-product-overview.pdf\" data-type=\"attachment\" data-id=\"1432\" target=\"_blank\" rel=\"noreferrer noopener\">Unitek short product overview folder<\/a><\/strong><\/span><\/p>\n\n<\/div><\/div>\n<\/div>\n\n\n<div style=\"height:100px\" aria-hidden=\"true\" class=\"wp-block-spacer\"><\/div>\n\n<\/section>","protected":false},"excerpt":{"rendered":"<p>Discover UNITEK: Pioneering Wire &amp; Cable production solutions since 1979 UNITEK leads the industry with fixed-center extrusion crossheads and cutting-edge technology, including automatic color changing and cleaning systems. Since 1979, we&#8217;ve been committed to delivering top-quality solutions, that drive productivity worldwide. Our commitment to manufacturing state-of-the-art quality has continuously enhanced productivity for the cable and &#8230; <a title=\"\u00dcber uns\" class=\"read-more\" href=\"https:\/\/staging.unitek.at\/de\/company\/\" aria-label=\"Read more about About the company\">Weiterlesen<\/a><\/p>","protected":false},"author":1,"featured_media":1358,"parent":0,"menu_order":0,"comment_status":"closed","ping_status":"closed","template":"","meta":{"_eb_attr":"","_uag_custom_page_level_css":"","ub_ctt_via":"","footnotes":""},"class_list":["post-33","page","type-page","status-publish","has-post-thumbnail"],"featured_image_src":"https:\/\/staging.unitek.at\/wp-content\/uploads\/CAD_HP_02-scaled-1.jpg","uagb_featured_image_src":{"full":["https:\/\/staging.unitek.at\/wp-content\/uploads\/CAD_HP_02-scaled-1.jpg",2560,822,false],"thumbnail":["https:\/\/staging.unitek.at\/wp-content\/uploads\/CAD_HP_02-scaled-1-150x150.jpg",150,150,true],"medium":["https:\/\/staging.unitek.at\/wp-content\/uploads\/CAD_HP_02-scaled-1-300x96.jpg",300,96,true],"medium_large":["https:\/\/staging.unitek.at\/wp-content\/uploads\/CAD_HP_02-scaled-1-768x247.jpg",768,247,true],"large":["https:\/\/staging.unitek.at\/wp-content\/uploads\/CAD_HP_02-scaled-1-1024x329.jpg",1024,329,true],"1536x1536":["https:\/\/staging.unitek.at\/wp-content\/uploads\/CAD_HP_02-scaled-1-1536x493.jpg",1536,493,true],"2048x2048":["https:\/\/staging.unitek.at\/wp-content\/uploads\/CAD_HP_02-scaled-1-2048x658.jpg",2048,658,true],"trp-custom-language-flag":["https:\/\/staging.unitek.at\/wp-content\/uploads\/CAD_HP_02-scaled-1.jpg",18,6,false]},"uagb_author_info":{"display_name":"staging_dev","author_link":"https:\/\/staging.unitek.at\/de\/author\/staging_dev\/"},"uagb_comment_info":0,"uagb_excerpt":"Discover UNITEK: Pioneering Wire &amp; Cable production solutions since 1979 UNITEK leads the industry with fixed-center extrusion crossheads and cutting-edge technology, including automatic color changing and cleaning systems. Since 1979, we&#8217;ve been committed to delivering top-quality solutions, that drive productivity worldwide. Our commitment to manufacturing state-of-the-art quality has continuously enhanced productivity for the cable and&hellip;","_links":{"self":[{"href":"https:\/\/staging.unitek.at\/de\/wp-json\/wp\/v2\/pages\/33","targetHints":{"allow":["GET"]}}],"collection":[{"href":"https:\/\/staging.unitek.at\/de\/wp-json\/wp\/v2\/pages"}],"about":[{"href":"https:\/\/staging.unitek.at\/de\/wp-json\/wp\/v2\/types\/page"}],"author":[{"embeddable":true,"href":"https:\/\/staging.unitek.at\/de\/wp-json\/wp\/v2\/users\/1"}],"replies":[{"embeddable":true,"href":"https:\/\/staging.unitek.at\/de\/wp-json\/wp\/v2\/comments?post=33"}],"version-history":[{"count":5,"href":"https:\/\/staging.unitek.at\/de\/wp-json\/wp\/v2\/pages\/33\/revisions"}],"predecessor-version":[{"id":1974,"href":"https:\/\/staging.unitek.at\/de\/wp-json\/wp\/v2\/pages\/33\/revisions\/1974"}],"wp:featuredmedia":[{"embeddable":true,"href":"https:\/\/staging.unitek.at\/de\/wp-json\/wp\/v2\/media\/1358"}],"wp:attachment":[{"href":"https:\/\/staging.unitek.at\/de\/wp-json\/wp\/v2\/media?parent=33"}],"curies":[{"name":"wp","href":"https:\/\/api.w.org\/{rel}","templated":true}]}}