{"id":1865,"date":"2024-03-14T16:34:23","date_gmt":"2024-03-14T15:34:23","guid":{"rendered":"https:\/\/staging.unitek.at\/?page_id=1865"},"modified":"2024-03-14T17:20:10","modified_gmt":"2024-03-14T16:20:10","slug":"surface-treatment","status":"publish","type":"page","link":"https:\/\/staging.unitek.at\/de\/products\/surface-treatment\/","title":{"rendered":"Oberfl\u00e4chentechnik"},"content":{"rendered":"<section class=\"gb-container gb-container-713c0e7a\">\n\n<div class=\"wp-block-columns is-layout-flex wp-container-core-columns-is-layout-9d6595d7 wp-block-columns-is-layout-flex\">\n<div class=\"wp-block-column is-layout-flow wp-block-column-is-layout-flow\">\n<h3 class=\"wp-block-heading has-text-align-left\">Oberfl\u00e4chentechnik<\/h3>\n\n\n\n<p class=\"has-text-align-left\" style=\"font-size:18px\"><strong>Die Produktqualit\u00e4t wird ma\u00dfgeblich durch die Qualit\u00e4t der Oberfl\u00e4chen der Masseverteiler &amp; Extrusionswerkzeuge beeinflusst. \u00dcber die Jahre hinweg haben wir mit spezialisierten Partnerunternehmen M\u00f6glichkeiten erarbeitet, um das Extrusions- &amp; Reinigungsverhalten zu optimieren.<\/strong><\/p>\n\n\n\n<p><\/p>\n<\/div>\n\n\n\n<div class=\"wp-block-column is-layout-flow wp-block-column-is-layout-flow\"><div class=\"wp-block-image image-shadow img\">\n<figure class=\"aligncenter size-full\"><img loading=\"lazy\" decoding=\"async\" width=\"962\" height=\"648\" src=\"https:\/\/staging.unitek.at\/wp-content\/uploads\/fixed-center-extrusion-crossheads.jpg\" alt=\"Fixed center extrusion crossheads\" class=\"wp-image-1204\" srcset=\"https:\/\/staging.unitek.at\/wp-content\/uploads\/fixed-center-extrusion-crossheads.jpg 962w, https:\/\/staging.unitek.at\/wp-content\/uploads\/fixed-center-extrusion-crossheads-300x202.jpg 300w, https:\/\/staging.unitek.at\/wp-content\/uploads\/fixed-center-extrusion-crossheads-768x517.jpg 768w\" sizes=\"auto, (max-width: 962px) 100vw, 962px\" \/><\/figure>\n<\/div><\/div>\n<\/div>\n\n\n\n<div style=\"height:26px\" aria-hidden=\"true\" class=\"wp-block-spacer\"><\/div>\n\n\n<div class=\"gb-container gb-container-88153a7a\">\n<div class=\"gb-container gb-container-8505dce1\">\n\n<p class=\"gb-headline gb-headline-144e2f24 gb-headline-text\"><strong><strong><strong>Reinigung<\/strong><\/strong><\/strong><\/p>\n\n\n\n<p class=\"has-text-align-left has-base-3-color has-text-color has-link-color wp-elements-2660318b0c560ea442e350f9522da4ef\">Kunststoffstrahltechnik - Lohnstrahlen - Reinigen<br>Vertrieb von Strahlsystemen<br>Modifikation von Strahlsystemen f\u00fcr Schneckenreinigung<\/p>\n\n<\/div>\n\n<div class=\"gb-container gb-container-a6b9bbd4\">\n\n<p class=\"gb-headline gb-headline-b462b575 gb-headline-text\"><strong><strong><strong><strong>Oberfl\u00e4chenveredelung<\/strong><\/strong><\/strong><\/strong><\/p>\n\n\n\n<p class=\"has-text-align-left\">Oberfl\u00e4chenverdichtung - Peening<\/p>\n\n<\/div>\n\n<div class=\"gb-container gb-container-7f0c728a\">\n\n<p class=\"gb-headline gb-headline-acaa708d gb-headline-text\"><strong><strong><strong>Beschichtung<\/strong><\/strong><\/strong><\/p>\n\n\n\n<p class=\"has-text-align-left has-base-3-color has-text-color has-link-color wp-elements-d885157f1364eab35dc62e1027a8cb94\">Spezialbeschichtungen auf TiC &amp; TiN Basis<\/p>\n\n<\/div>\n<\/div>\n\n\n<div style=\"height:33px\" aria-hidden=\"true\" class=\"wp-block-spacer\"><\/div>\n\n\n\n<p class=\"has-text-align-left\">Die Oberfl\u00e4chen der Masseverteiler &amp; Extrusionswerkzeuge spielen eine gro\u00dfe Rolle bei der Produktqualit\u00e4t &amp; kann vor allem bei schwierig zu verarbeitenden Polymeren, wie z.B. PEEK, kritisch werden. \u00dcber die Jahre hinweg haben wir mit spezialisierten Partnerunternehmen M\u00f6glichkeiten erarbeitet, um das Extrusions- &amp; Reinigungsverhalten zu optimieren. Durch eine Oberfl\u00e4chenveredelung k\u00f6nnen in vielen F\u00e4llen die Wandrauhigkeiten positiv beeinflusst werden, was zu deutlich geringeren Druckspitzen f\u00fchrt und damit zu besseren Oberfl\u00e4chen. Die Kunststoffstrahltechnik erm\u00f6glicht nicht nur bei Querspritzk\u00f6pfen, sondern auch bei Schnecken eine sehr schonende Reinigungsm\u00f6glichkeit, die die Oberfl\u00e4chen auch auf lange Sicht nicht angreift. Spezialbeschichtungen k\u00f6nnen in Spezialf\u00e4llen Korrosionsph\u00e4nomene &amp; Druckspitzen verringern. Unser Team ber\u00e4t Sie gerne!<\/p>\n\n\n\n<div style=\"height:33px\" aria-hidden=\"true\" class=\"wp-block-spacer\"><\/div>\n\n\n\n<div class=\"wp-block-columns is-layout-flex wp-container-core-columns-is-layout-9d6595d7 wp-block-columns-is-layout-flex\">\n<div class=\"wp-block-column is-layout-flow wp-block-column-is-layout-flow\">\n<a class=\"gb-button gb-button-6a5678ce gb-button-text\" href=\"https:\/\/staging.unitek.at\/de\/contact\/\">Kontakt<\/a>\n<\/div>\n\n\n\n<div class=\"wp-block-column is-layout-flow wp-block-column-is-layout-flow\">\n<a class=\"gb-button gb-button-75a5b5e1 gb-button-text\" href=\"https:\/\/staging.unitek.at\/wp-content\/uploads\/unitek-product-overview.pdf\">Download Produkt Folder (PDF)<\/a>\n<\/div>\n<\/div>\n\n\n\n<p><\/p>\n\n\n\n<div style=\"height:115px\" aria-hidden=\"true\" class=\"wp-block-spacer\"><\/div>\n\n<\/section>","protected":false},"excerpt":{"rendered":"<p>Surface Treatment Discuss the technical solution with our engineers! Surface treatments on cartridge &amp; insert distributors can lead to improved extrusion processes especially when extruding critical polymers such as PEEK or rubber. Over the years, we developed with specialized partner companies coating &amp; cleaning processes for an easier handling &amp; cleaning. Cleaning &amp; blasting technology &#8230; <a title=\"Oberfl\u00e4chentechnik\" class=\"read-more\" href=\"https:\/\/staging.unitek.at\/de\/products\/surface-treatment\/\" aria-label=\"Read more about Surface Treatment\">Weiterlesen<\/a><\/p>","protected":false},"author":1,"featured_media":1204,"parent":31,"menu_order":0,"comment_status":"closed","ping_status":"closed","template":"","meta":{"_eb_attr":"","_uag_custom_page_level_css":"","ub_ctt_via":"","footnotes":""},"class_list":["post-1865","page","type-page","status-publish","has-post-thumbnail"],"featured_image_src":"https:\/\/staging.unitek.at\/wp-content\/uploads\/fixed-center-extrusion-crossheads.jpg","uagb_featured_image_src":{"full":["https:\/\/staging.unitek.at\/wp-content\/uploads\/fixed-center-extrusion-crossheads.jpg",962,648,false],"thumbnail":["https:\/\/staging.unitek.at\/wp-content\/uploads\/fixed-center-extrusion-crossheads-150x150.jpg",150,150,true],"medium":["https:\/\/staging.unitek.at\/wp-content\/uploads\/fixed-center-extrusion-crossheads-300x202.jpg",300,202,true],"medium_large":["https:\/\/staging.unitek.at\/wp-content\/uploads\/fixed-center-extrusion-crossheads-768x517.jpg",768,517,true],"large":["https:\/\/staging.unitek.at\/wp-content\/uploads\/fixed-center-extrusion-crossheads.jpg",962,648,false],"1536x1536":["https:\/\/staging.unitek.at\/wp-content\/uploads\/fixed-center-extrusion-crossheads.jpg",962,648,false],"2048x2048":["https:\/\/staging.unitek.at\/wp-content\/uploads\/fixed-center-extrusion-crossheads.jpg",962,648,false],"trp-custom-language-flag":["https:\/\/staging.unitek.at\/wp-content\/uploads\/fixed-center-extrusion-crossheads.jpg",18,12,false]},"uagb_author_info":{"display_name":"staging_dev","author_link":"https:\/\/staging.unitek.at\/de\/author\/staging_dev\/"},"uagb_comment_info":0,"uagb_excerpt":"Surface Treatment Discuss the technical solution with our engineers! Surface treatments on cartridge &amp; insert distributors can lead to improved extrusion processes especially when extruding critical polymers such as PEEK or rubber. Over the years, we developed with specialized partner companies coating &amp; cleaning processes for an easier handling &amp; cleaning. Cleaning &amp; blasting technology&hellip;","_links":{"self":[{"href":"https:\/\/staging.unitek.at\/de\/wp-json\/wp\/v2\/pages\/1865","targetHints":{"allow":["GET"]}}],"collection":[{"href":"https:\/\/staging.unitek.at\/de\/wp-json\/wp\/v2\/pages"}],"about":[{"href":"https:\/\/staging.unitek.at\/de\/wp-json\/wp\/v2\/types\/page"}],"author":[{"embeddable":true,"href":"https:\/\/staging.unitek.at\/de\/wp-json\/wp\/v2\/users\/1"}],"replies":[{"embeddable":true,"href":"https:\/\/staging.unitek.at\/de\/wp-json\/wp\/v2\/comments?post=1865"}],"version-history":[{"count":4,"href":"https:\/\/staging.unitek.at\/de\/wp-json\/wp\/v2\/pages\/1865\/revisions"}],"predecessor-version":[{"id":1875,"href":"https:\/\/staging.unitek.at\/de\/wp-json\/wp\/v2\/pages\/1865\/revisions\/1875"}],"up":[{"embeddable":true,"href":"https:\/\/staging.unitek.at\/de\/wp-json\/wp\/v2\/pages\/31"}],"wp:featuredmedia":[{"embeddable":true,"href":"https:\/\/staging.unitek.at\/de\/wp-json\/wp\/v2\/media\/1204"}],"wp:attachment":[{"href":"https:\/\/staging.unitek.at\/de\/wp-json\/wp\/v2\/media?parent=1865"}],"curies":[{"name":"wp","href":"https:\/\/api.w.org\/{rel}","templated":true}]}}