{"id":1562,"date":"2023-08-11T12:33:51","date_gmt":"2023-08-11T10:33:51","guid":{"rendered":"https:\/\/staging.unitek.at\/?page_id=1562"},"modified":"2024-03-13T15:48:50","modified_gmt":"2024-03-13T14:48:50","slug":"tools-wire-guides-dies","status":"publish","type":"page","link":"https:\/\/staging.unitek.at\/de\/products\/tools-wire-guides-dies\/","title":{"rendered":"Drahtf\u00fchrungen &amp; D\u00fcsen"},"content":{"rendered":"<section class=\"gb-container gb-container-713c0e7a\">\n\n<div class=\"wp-block-columns is-layout-flex wp-container-core-columns-is-layout-9d6595d7 wp-block-columns-is-layout-flex\">\n<div class=\"wp-block-column is-layout-flow wp-block-column-is-layout-flow\">\n<h3 class=\"gb-headline gb-headline-f7582166 gb-headline-text\">Drahtf\u00fchrungen &amp; D\u00fcsen - Extrusionswerkzeuge<\/h3>\n\n\n\n<p class=\"has-text-align-left\" style=\"font-size:18px\"><strong>UNITEK fertigt seit Jahren selbst und mit erfahrenen Partnern Extrusionswerkzeugs\u00e4tze; Drahtf\u00fchrungen &amp; D\u00fcsen bzw. Mundst\u00fccke f\u00fcr runde Querspritzk\u00f6pfe sowie eckige Ausf\u00fchrungen f\u00fcr Flachbandk\u00f6pfe.&nbsp;<\/strong><\/p>\n\n\n\n<p><\/p>\n<\/div>\n\n\n\n<div class=\"wp-block-column is-layout-flow wp-block-column-is-layout-flow\"><div class=\"wp-block-image image-shadow img\">\n<figure class=\"aligncenter size-full\"><img loading=\"lazy\" decoding=\"async\" width=\"750\" height=\"562\" src=\"https:\/\/staging.unitek.at\/wp-content\/uploads\/unitek-tools-wire-guides-dies.jpg\" alt=\"Tools \u2013 wire guides &amp; dies\" class=\"wp-image-1564\" srcset=\"https:\/\/staging.unitek.at\/wp-content\/uploads\/unitek-tools-wire-guides-dies.jpg 750w, https:\/\/staging.unitek.at\/wp-content\/uploads\/unitek-tools-wire-guides-dies-300x225.jpg 300w\" sizes=\"auto, (max-width: 750px) 100vw, 750px\" \/><\/figure>\n<\/div><\/div>\n<\/div>\n\n\n\n<div style=\"height:31px\" aria-hidden=\"true\" class=\"wp-block-spacer\"><\/div>\n\n\n<div class=\"gb-container gb-container-88153a7a\">\n<div class=\"gb-container gb-container-8505dce1\">\n\n<p class=\"gb-headline gb-headline-144e2f24 gb-headline-text\"><strong><strong>Material<\/strong><\/strong><\/p>\n\n\n\n<p class=\"has-text-align-left has-base-3-color has-text-color has-link-color wp-elements-eb2b2ed68c61af503105e727b2ed25a3\">Stahl<br>Stahl mit Hartmetalleinsatz<br>Stahl mit Diamanteinsatz (PCD)<br>Hartmetall (voll)<\/p>\n\n<\/div>\n\n<div class=\"gb-container gb-container-a6b9bbd4\">\n\n<p class=\"gb-headline gb-headline-b462b575 gb-headline-text\"><strong><strong><strong>Geometrie \/ Gr\u00f6\u00dfen<\/strong><\/strong><\/strong><\/p>\n\n\n\n<p class=\"has-text-align-left\">Kompression 60\u00b0<br>Semikompression 30\/34\u00b0<br>Schlauch ab 0,25mm f\u00fcr alle Querspritzkopfgr\u00f6\u00dfen<\/p>\n\n<\/div>\n\n<div class=\"gb-container gb-container-7f0c728a\">\n\n<p class=\"gb-headline gb-headline-acaa708d gb-headline-text\"><strong><strong><strong>Custom made<\/strong><\/strong><\/strong><\/p>\n\n\n\n<p class=\"has-text-align-left has-base-3-color has-text-color has-link-color wp-elements-84bede7bc86ce7df55f3cb13a01f280d\">Eingeschraubte Werkzeuge<br>Sondergeometrien auch f\u00fcr Fremdfabrikate<br>Rechteckige Werkzeugs\u00e4tze f\u00fcr Flachbandk\u00f6pfe<br>Profilwerkzeuge - ovale oder rechteckige Form, o-o-Leiter, ...<br>Beschichtungen<\/p>\n\n<\/div>\n<\/div>\n\n\n<div style=\"height:31px\" aria-hidden=\"true\" class=\"wp-block-spacer\"><\/div>\n\n\n\n<p class=\"has-text-align-left\">UNITEK produziert seit mehr als 40 Jahren mit ausgew\u00e4hlten Partnern Drahtf\u00fchrungen &amp; D\u00fcsen in verschiedensten Materialien und Geometrien. Durch eine 100% Qualit\u00e4tskontrolle kann gew\u00e4hrleistet werden, da\u00df Ihr Produkt die h\u00f6chsten Oberfl\u00e4cheng\u00fcten erreicht. Je nach Produktart stehen Ihnen f\u00fcr unsere Querspritzk\u00f6pfe Extrusionswerkzeuge in den Standardgr\u00f6\u00dfen &amp; -geometrien zu Verf\u00fcgung. Gerne fertigen wir auch jegliche andere Art von Extrusionswerkzeug, ob geschraubt, mit speziellen Durchmessern oder Ihrem Sonderprofil - unser Vertriebsteam ber\u00e4t Sie diesbez\u00fcglich gerne &amp; stellt Ihnen auch gerne Referenzen zu Verf\u00fcgung.<a href=\"https:\/\/www.unitek.at\/wp-content\/uploads\/Pinole_Werkzeuge_01-scaled.jpg\"><\/a><\/p>\n\n\n\n<div style=\"height:33px\" aria-hidden=\"true\" class=\"wp-block-spacer\"><\/div>\n\n\n\n<div class=\"wp-block-columns is-layout-flex wp-container-core-columns-is-layout-9d6595d7 wp-block-columns-is-layout-flex\">\n<div class=\"wp-block-column is-layout-flow wp-block-column-is-layout-flow\">\n<a class=\"gb-button gb-button-6a5678ce gb-button-text\" href=\"https:\/\/staging.unitek.at\/de\/contact\/\">Kontakt<\/a>\n<\/div>\n\n\n\n<div class=\"wp-block-column is-layout-flow wp-block-column-is-layout-flow\">\n<a class=\"gb-button gb-button-75a5b5e1 gb-button-text\" href=\"https:\/\/staging.unitek.at\/wp-content\/uploads\/unitek-product-overview.pdf\"><strong>Download Produkt Folder (PDF)<\/strong><\/a>\n<\/div>\n<\/div>\n\n\n\n<div style=\"height:127px\" aria-hidden=\"true\" class=\"wp-block-spacer\"><\/div>\n\n<\/section>","protected":false},"excerpt":{"rendered":"<p>Tools \u2013 wire guides and dies UNITEK extrusion tools are made of state-of-the-art materials only. They are famous for their extreme accuracy and durability. We offer a large variety of tool designs from standardized to fully customized tools in order to meet every extrusion requirement.&nbsp; Material SteelSteel with carbide insertSteel with diamond insert (PCD)Carbide (full) &#8230; <a title=\"Tools \u2013 wire guides &amp; dies\" class=\"read-more\" href=\"https:\/\/staging.unitek.at\/de\/products\/tools-wire-guides-dies\/\" aria-label=\"Read more about Tools \u2013 wire guides &amp; dies\">Weiterlesen<\/a><\/p>","protected":false},"author":1,"featured_media":1320,"parent":31,"menu_order":0,"comment_status":"closed","ping_status":"closed","template":"","meta":{"_eb_attr":"","_uag_custom_page_level_css":"","ub_ctt_via":"","footnotes":""},"class_list":["post-1562","page","type-page","status-publish","has-post-thumbnail"],"featured_image_src":"https:\/\/staging.unitek.at\/wp-content\/uploads\/crosshead-products.jpg","uagb_featured_image_src":{"full":["https:\/\/staging.unitek.at\/wp-content\/uploads\/crosshead-products.jpg",2560,559,false],"thumbnail":["https:\/\/staging.unitek.at\/wp-content\/uploads\/crosshead-products-150x150.jpg",150,150,true],"medium":["https:\/\/staging.unitek.at\/wp-content\/uploads\/crosshead-products-300x66.jpg",300,66,true],"medium_large":["https:\/\/staging.unitek.at\/wp-content\/uploads\/crosshead-products-768x168.jpg",768,168,true],"large":["https:\/\/staging.unitek.at\/wp-content\/uploads\/crosshead-products-1024x224.jpg",1024,224,true],"1536x1536":["https:\/\/staging.unitek.at\/wp-content\/uploads\/crosshead-products-1536x335.jpg",1536,335,true],"2048x2048":["https:\/\/staging.unitek.at\/wp-content\/uploads\/crosshead-products-2048x447.jpg",2048,447,true],"trp-custom-language-flag":["https:\/\/staging.unitek.at\/wp-content\/uploads\/crosshead-products.jpg",18,4,false]},"uagb_author_info":{"display_name":"staging_dev","author_link":"https:\/\/staging.unitek.at\/de\/author\/staging_dev\/"},"uagb_comment_info":0,"uagb_excerpt":"Tools \u2013 wire guides and dies UNITEK extrusion tools are made of state-of-the-art materials only. They are famous for their extreme accuracy and durability. We offer a large variety of tool designs from standardized to fully customized tools in order to meet every extrusion requirement.&nbsp; Material SteelSteel with carbide insertSteel with diamond insert (PCD)Carbide (full)&hellip;","_links":{"self":[{"href":"https:\/\/staging.unitek.at\/de\/wp-json\/wp\/v2\/pages\/1562","targetHints":{"allow":["GET"]}}],"collection":[{"href":"https:\/\/staging.unitek.at\/de\/wp-json\/wp\/v2\/pages"}],"about":[{"href":"https:\/\/staging.unitek.at\/de\/wp-json\/wp\/v2\/types\/page"}],"author":[{"embeddable":true,"href":"https:\/\/staging.unitek.at\/de\/wp-json\/wp\/v2\/users\/1"}],"replies":[{"embeddable":true,"href":"https:\/\/staging.unitek.at\/de\/wp-json\/wp\/v2\/comments?post=1562"}],"version-history":[{"count":6,"href":"https:\/\/staging.unitek.at\/de\/wp-json\/wp\/v2\/pages\/1562\/revisions"}],"predecessor-version":[{"id":1853,"href":"https:\/\/staging.unitek.at\/de\/wp-json\/wp\/v2\/pages\/1562\/revisions\/1853"}],"up":[{"embeddable":true,"href":"https:\/\/staging.unitek.at\/de\/wp-json\/wp\/v2\/pages\/31"}],"wp:featuredmedia":[{"embeddable":true,"href":"https:\/\/staging.unitek.at\/de\/wp-json\/wp\/v2\/media\/1320"}],"wp:attachment":[{"href":"https:\/\/staging.unitek.at\/de\/wp-json\/wp\/v2\/media?parent=1562"}],"curies":[{"name":"wp","href":"https:\/\/api.w.org\/{rel}","templated":true}]}}