{"id":1188,"date":"2021-05-30T14:08:16","date_gmt":"2021-05-30T13:08:16","guid":{"rendered":"https:\/\/plumber-gp.wordifysites.com\/?page_id=2"},"modified":"2024-04-05T17:30:41","modified_gmt":"2024-04-05T15:30:41","slug":"home","status":"publish","type":"page","link":"https:\/\/staging.unitek.at\/de\/","title":{"rendered":"Home"},"content":{"rendered":"<div class=\"gb-container gb-container-510ba7cf\">\n<div class=\"gb-container gb-container-db4e6450 alignwide\">\n<div class=\"gb-container gb-container-72d13946\">\n<div class=\"gb-container gb-container-a1e49386\">\n<div class=\"gb-container gb-container-c8095633\">\n<style>.wp-block-kadence-advancedheading.kt-adv-heading1188_85dc8c-d4, .wp-block-kadence-advancedheading.kt-adv-heading1188_85dc8c-d4[data-kb-block=\"kb-adv-heading1188_85dc8c-d4\"]{margin-top:20px;line-height:1.5;font-weight:bold;font-style:normal;text-transform:uppercase;border-right:0px dashed var(--accent);border-bottom:7px solid var(--accent);border-left:0px dashed var(--accent);}.wp-block-kadence-advancedheading.kt-adv-heading1188_85dc8c-d4 mark, .wp-block-kadence-advancedheading.kt-adv-heading1188_85dc8c-d4[data-kb-block=\"kb-adv-heading1188_85dc8c-d4\"] mark{font-style:normal;color:#f76a0c;padding-top:0px;padding-right:0px;padding-bottom:0px;padding-left:0px;}@media all and (max-width: 1024px){.wp-block-kadence-advancedheading.kt-adv-heading1188_85dc8c-d4, .wp-block-kadence-advancedheading.kt-adv-heading1188_85dc8c-d4[data-kb-block=\"kb-adv-heading1188_85dc8c-d4\"]{border-right:0px dashed var(--accent);border-bottom:7px solid var(--accent);border-left:0px dashed var(--accent);}}@media all and (max-width: 767px){.wp-block-kadence-advancedheading.kt-adv-heading1188_85dc8c-d4, .wp-block-kadence-advancedheading.kt-adv-heading1188_85dc8c-d4[data-kb-block=\"kb-adv-heading1188_85dc8c-d4\"]{font-size:32px;line-height:1.3;border-right:0px dashed var(--accent);border-bottom:7px solid var(--accent);border-left:0px dashed var(--accent);}}<\/style>\n<h1 class=\"kt-adv-heading1188_85dc8c-d4 wp-block-kadence-advancedheading has-accent-color has-text-color\" data-kb-block=\"kb-adv-heading1188_85dc8c-d4\">Crossheads | Extrusion Equipment | Consulting<\/h1>\n\n\n<style>.wp-block-kadence-advancedheading.kt-adv-heading1188_54f157-0b, .wp-block-kadence-advancedheading.kt-adv-heading1188_54f157-0b[data-kb-block=\"kb-adv-heading1188_54f157-0b\"]{margin-bottom:25px;text-align:center;font-size:28px;font-style:normal;}.wp-block-kadence-advancedheading.kt-adv-heading1188_54f157-0b mark, .wp-block-kadence-advancedheading.kt-adv-heading1188_54f157-0b[data-kb-block=\"kb-adv-heading1188_54f157-0b\"] mark{font-style:normal;color:#f76a0c;padding-top:0px;padding-right:0px;padding-bottom:0px;padding-left:0px;}@media all and (max-width: 767px){.wp-block-kadence-advancedheading.kt-adv-heading1188_54f157-0b, .wp-block-kadence-advancedheading.kt-adv-heading1188_54f157-0b[data-kb-block=\"kb-adv-heading1188_54f157-0b\"]{font-size:21px;}}<\/style>\n<h2 class=\"kt-adv-heading1188_54f157-0b wp-block-kadence-advancedheading has-base-3-color has-text-color\" data-kb-block=\"kb-adv-heading1188_54f157-0b\">UNITEK is the leading provider of fixed center extrusion crossheads &amp; peripheral equipment for the wire &amp; cable industry.<\/h2>\n\n\n\n<a class=\"gb-button gb-button-d307ef12 gb-button-text\" href=\"https:\/\/staging.unitek.at\/de\/products\/\">Unsere Produkte<\/a>\n\n<\/div>\n<\/div>\n<\/div>\n\n<div class=\"gb-container gb-container-14c2fd0b\">\n<div class=\"gb-container gb-container-0873d465\">\n\n<p class=\"gb-headline gb-headline-bbcadf51\" id=\"3-43-%E2%80%93-1-%E2%80%93-3325510-\"><span class=\"gb-icon\"><svg aria-hidden=\"true\" role=\"img\" height=\"1em\" width=\"1em\" viewbox=\"0 0 512 512\" xmlns=\"http:\/\/www.w3.org\/2000\/svg\"><path fill=\"currentColor\" d=\"M493.4 24.6l-104-24c-11.3-2.6-22.9 3.3-27.5 13.9l-48 112c-4.2 9.8-1.4 21.3 6.9 28l60.6 49.6c-36 76.7-98.9 140.5-177.2 177.2l-49.6-60.6c-6.8-8.3-18.2-11.1-28-6.9l-112 48C3.9 366.5-2 378.1.6 389.4l24 104C27.1 504.2 36.7 512 48 512c256.1 0 464-207.5 464-464 0-11.2-7.7-20.9-18.6-23.4z\"><\/path><\/svg><\/span><span class=\"gb-headline-text\"><a href=\"tel: 4313325510\">+43 \u2013 1 \u2013&nbsp;3325510<\/a><\/span><\/p>\n\n\n\n<p class=\"gb-headline gb-headline-182f0a68 gb-headline-text\" id=\"4-give-us-a-call\"><a href=\"tel: 4313325510\">Rufen Sie uns an<\/a><\/p>\n\n<\/div>\n\n<div class=\"gb-container gb-container-68752af4\">\n\n<p class=\"gb-headline gb-headline-6b2cc007\" id=\"5-officeunitekat-\"><span class=\"gb-icon\"><svg aria-hidden=\"true\" role=\"img\" height=\"1em\" width=\"1em\" viewbox=\"0 0 512 512\" xmlns=\"http:\/\/www.w3.org\/2000\/svg\"><path fill=\"currentColor\" d=\"M464 64H48C21.49 64 0 85.49 0 112v288c0 26.51 21.49 48 48 48h416c26.51 0 48-21.49 48-48V112c0-26.51-21.49-48-48-48zm0 48v40.805c-22.422 18.259-58.168 46.651-134.587 106.49-16.841 13.247-50.201 45.072-73.413 44.701-23.208.375-56.579-31.459-73.413-44.701C106.18 199.465 70.425 171.067 48 152.805V112h416zM48 400V214.398c22.914 18.251 55.409 43.862 104.938 82.646 21.857 17.205 60.134 55.186 103.062 54.955 42.717.231 80.509-37.199 103.053-54.947 49.528-38.783 82.032-64.401 104.947-82.653V400H48z\"><\/path><\/svg><\/span><span class=\"gb-headline-text\"><a href=\"mailto:office@unitek.at\"><\/a><a href=\"mailto:office@unitek.at\"><\/a><a href=\"mailto:office@unitek.at\">office@unitek.at<\/a><\/span><\/p>\n\n\n\n<p class=\"gb-headline gb-headline-9866d75e gb-headline-text\" id=\"6-drop-us-a-line\"><a href=\"https:\/\/staging.unitek.at\/de\/contact\/\" data-type=\"page\" data-id=\"37\">Schreiben Sie uns<\/a><\/p>\n\n<\/div>\n\n<div class=\"gb-container gb-container-0b481d8c\">\n\n<p class=\"gb-headline gb-headline-5b2c656a\" id=\"7-where-to-buy-\"><span class=\"gb-icon\"><svg aria-hidden=\"true\" role=\"img\" height=\"1em\" width=\"1em\" viewbox=\"0 0 384 512\" xmlns=\"http:\/\/www.w3.org\/2000\/svg\"><path fill=\"currentColor\" d=\"M172.268 501.67C26.97 291.031 0 269.413 0 192 0 85.961 85.961 0 192 0s192 85.961 192 192c0 77.413-26.97 99.031-172.268 309.67-9.535 13.774-29.93 13.773-39.464 0zM192 272c44.183 0 80-35.817 80-80s-35.817-80-80-80-80 35.817-80 80 35.817 80 80 80z\"><\/path><\/svg><\/span><span class=\"gb-headline-text\"><a href=\"https:\/\/staging.unitek.at\/de\/where-to-buy\/\" data-type=\"page\" data-id=\"1275\">Vertriebspartner<\/a><\/span><\/p>\n\n\n\n<p class=\"gb-headline gb-headline-923610fc gb-headline-text\" id=\"8-global-distributers-\"><a href=\"https:\/\/staging.unitek.at\/de\/where-to-buy\/\" data-type=\"page\" data-id=\"1275\">Weltweiter Vertrieb<\/a><\/p>\n\n<\/div>\n<\/div>\n<\/div>\n<\/div>\n\n<section class=\"gb-container gb-container-324b5dc2\">\n<div class=\"gb-grid-wrapper gb-grid-wrapper-00cb1164\">\n<div class=\"gb-grid-column gb-grid-column-48a7cd3e\"><div class=\"gb-container gb-container-48a7cd3e\">\n<div class=\"gb-container gb-container-12be04fb\"><\/div>\n\n<div class=\"gb-container gb-container-80b94340\">\n\n<h2 class=\"gb-headline gb-headline-145adefc gb-headline-text\" id=\"9-the-company\">Das Unternehmen<\/h2>\n\n\n\n<p class=\"gb-headline gb-headline-911b51d9 gb-headline-text\" id=\"10-unitek-is-the-leading-provider-of-fixed-center-extrusion-crossheads-innovative-solutions-and-add-on-technology-for-the-wire-and-cable-production-such-as-automatic-color-changing-systems-or-cleaning-systems-for-the-wire-and-cable-industry-the-company-was-founded-back-in-1979-and-has-been-dedicated-to-manufacturing-state-of-the-art-quality-ever-since-providing-significantly-increased-productivity-to-the-cable-and-extrusion-industry-around-the-world\">UNITEK ist der f\u00fchrende Anbieter von festzentrierten Extrusionsk\u00f6pfen, innovativen L\u00f6sungen &amp; Zubeh\u00f6r f\u00fcr die Draht- und Kabelproduktion wie z.B. Bypassysteme, automatische Farbwechselsysteme \noder Reinigungsanlagen. Das Unternehmen wurde 1979 gegr\u00fcndet und widmet sich seither der Herstellung von Extrusionswerkzeugen h\u00f6chster Qualit\u00e4t, die der Industrie auf der ganzen Welt zu maximaler Produktivit\u00e4t verhelfen.<\/p>\n\n\n\n<a class=\"gb-button gb-button-ca60e9e9 gb-button-text\" href=\"https:\/\/staging.unitek.at\/de\/company\/\">Weiterlesen<\/a>\n\n<\/div>\n<\/div><\/div>\n\n<div class=\"gb-grid-column gb-grid-column-14cf602d\"><div class=\"gb-container gb-container-14cf602d\">\n<div class=\"gb-container gb-container-5ac34204\">\n<div class=\"gb-container gb-container-684db394\">\n<div class=\"gb-container gb-container-9eeabb70\">\n<div class=\"gb-container gb-container-a964c0e7\"><\/div>\n<\/div>\n<\/div>\n<\/div>\n\n<div class=\"gb-container gb-container-26f4e024\">\n\n<h2 class=\"gb-headline gb-headline-9a9a9375 gb-headline-text\" id=\"11-our-products\">Unsere Produkte<\/h2>\n\n\n\n<ul class=\"has-base-3-color has-text-color wp-block-list\">\n<li>Pionier auf dem Gebiet der fix zentrierten Querspritzk\u00f6pfe <\/li>\n\n\n\n<li>Querspritzk\u00f6pfe von 0,05 mm bis 200 mm Gr\u00f6\u00dfe <\/li>\n\n\n\n<li>Hochmoderne Peripherieger\u00e4te f\u00fcr pr\u00e4zise Fertigung <\/li>\n\n\n\n<li>Spezielle Stahllegierungen und W\u00e4rmebehandlungsverfahren <\/li>\n\n\n\n<li>Geeignete L\u00f6sungen f\u00fcr nahezu alle Kabel- und Drahtanwendung <\/li>\n\n\n\n<li>Nachr\u00fcstung bei bestehenden Produktionslinien m\u00f6glich <\/li>\n<\/ul>\n\n\n\n<a class=\"gb-button gb-button-6dfcd83e gb-button-text\" href=\"https:\/\/staging.unitek.at\/de\/products\/\">Mehr erfahren<\/a>\n\n<\/div>\n<\/div><\/div>\n\n<div class=\"gb-grid-column gb-grid-column-b4261570\"><div class=\"gb-container gb-container-b4261570\">\n<div class=\"gb-container gb-container-9cecdc10\"><\/div>\n\n<div class=\"gb-container gb-container-b04f2905\">\n\n<h2 class=\"gb-headline gb-headline-1305a19a gb-headline-text\" id=\"12-where-to-buy\">Vertriebspartner<\/h2>\n\n\n\n<p class=\"gb-headline gb-headline-3ffcede0 gb-headline-text\" id=\"13-our-production-and-headquarter-is-located-in-austria-and-we-have-a-european-branch-in-spain-for-the-worldwide-demand-we-have-a-distribution-net-on-all-continents-to-fulfill-the-needs-of-our-customers-look-at-the-list-you-will-find-us-china-australia-in-asia-also-vietnam-japan-indonesia-and-taiwan-as-well-as-our-base-in-chile-for-south-america-our-african-partner-is-located-in-south-africa-\">Unser Hauptsitz und unsere Produktion befinden sich in Wien.\n<br> <br>F\u00fcr unsere internationalen Kunden haben wir ein Vertriebs- &amp; Servicenetz auf allen Kontinenten aufgebaut, um ihre Bed\u00fcrfnisse optimal zu erf\u00fcllen und kurze Kommunikationswege zu erm\u00f6glichen. <br>Entdecken Sie hier Ihren n\u00e4chstgelegenen Vertriebspartner. <\/p>\n\n\n\n<a class=\"gb-button gb-button-d459382f gb-button-text\" href=\"https:\/\/staging.unitek.at\/de\/where-to-buy\/\">Mehr erfahren<\/a>\n\n<\/div>\n<\/div><\/div>\n<\/div>\n<\/section>\n\n<section class=\"gb-container gb-container-07e2e176\">\n<div class=\"gb-container gb-container-37e80628\">\n\n<h2 class=\"gb-headline gb-headline-1274d019\" id=\"14-benefits-at-a-glance\"><span class=\"gb-icon\"><svg xmlns=\"http:\/\/www.w3.org\/2000\/svg\" width=\"16\" height=\"16\" class=\"bi bi-dash\" viewbox=\"0 0 16 16\">   <path d=\"M4 8a.5.5 0 0 1 .5-.5h7a.5.5 0 0 1 0 1h-7A.5.5 0 0 1 4 8z\"><\/path> <\/svg><\/span><span class=\"gb-headline-text\">Vorteile im \u00dcberblick<\/span><\/h2>\n\n\n\n<p class=\"gb-headline gb-headline-d99fbab7 gb-headline-text\" id=\"15-unitek-rigorously-pursues-a-strategy-of-highest-quality-amp-precision-coupled-with-continued-in-house-research-and-in-co-operation-with-leading-international-partners-amp-scientific-institutions-the-performance-of-the-resulting-products-places-unitek-customers-on-the-cutting-edge-of-cable-making-technology\">UNITEK verfolgt konsequent die Strategie h\u00f6chste Qualit\u00e4t und Pr\u00e4zision zu liefern. Die kontinuierliche Investition in die eigene Produktentwicklung und die Zusammenarbeit in der Forschung mit f\u00fchrenden \ninternationalen Partnern und wissenschaftlichen Einrichtungen, stellen sicher, da\u00df UNITEK-Kunden auf den neuesten Stand der Kabelherstellungstechnologie sind.<\/p>\n\n\n<div class=\"gb-container gb-container-0d0d6df1\">\n<div class=\"gb-container gb-container-3bb0ab60\">\n<div class=\"wp-block-image image-shadow img\">\n<figure class=\"aligncenter size-full\"><img loading=\"lazy\" decoding=\"async\" width=\"962\" height=\"648\" src=\"https:\/\/staging.unitek.at\/wp-content\/uploads\/fixed-center-extrusion-crossheads.jpg\" alt=\"Fixed center extrusion crossheads\" class=\"wp-image-1204\" srcset=\"https:\/\/staging.unitek.at\/wp-content\/uploads\/fixed-center-extrusion-crossheads.jpg 962w, https:\/\/staging.unitek.at\/wp-content\/uploads\/fixed-center-extrusion-crossheads-300x202.jpg 300w, https:\/\/staging.unitek.at\/wp-content\/uploads\/fixed-center-extrusion-crossheads-768x517.jpg 768w\" sizes=\"auto, (max-width: 962px) 100vw, 962px\" \/><\/figure>\n<\/div>\n<\/div>\n\n<div class=\"gb-container gb-container-89af7de3\">\n\n<p class=\"gb-headline gb-headline-dd29b475\" id=\"16-close-to-zero-scrap-amp-concentricity-levels-of-over-95\"><span class=\"gb-icon\"><svg aria-hidden=\"true\" role=\"img\" height=\"1em\" width=\"1em\" viewbox=\"0 0 192 512\" xmlns=\"http:\/\/www.w3.org\/2000\/svg\"><path fill=\"currentColor\" d=\"M96 184c39.8 0 72 32.2 72 72s-32.2 72-72 72-72-32.2-72-72 32.2-72 72-72zM24 80c0 39.8 32.2 72 72 72s72-32.2 72-72S135.8 8 96 8 24 40.2 24 80zm0 352c0 39.8 32.2 72 72 72s72-32.2 72-72-32.2-72-72-72-72 32.2-72 72z\"><\/path><\/svg><\/span><span class=\"gb-headline-text\">Nahezu kein Ausschuss und Konzentrizit\u00e4t von \u00fcber 92%<\/span><\/p>\n\n\n\n<p class=\"gb-headline gb-headline-577c16af\" id=\"17-lifetimes-of-far-beyond-60000-hours-of-operation\"><span class=\"gb-icon\"><svg aria-hidden=\"true\" role=\"img\" height=\"1em\" width=\"1em\" viewbox=\"0 0 192 512\" xmlns=\"http:\/\/www.w3.org\/2000\/svg\"><path fill=\"currentColor\" d=\"M96 184c39.8 0 72 32.2 72 72s-32.2 72-72 72-72-32.2-72-72 32.2-72 72-72zM24 80c0 39.8 32.2 72 72 72s72-32.2 72-72S135.8 8 96 8 24 40.2 24 80zm0 352c0 39.8 32.2 72 72 72s72-32.2 72-72-32.2-72-72-72-72 32.2-72 72z\"><\/path><\/svg><\/span><span class=\"gb-headline-text\">Lebensdauern von weit \u00fcber 60.000 Betriebsstunden<\/span><\/p>\n\n\n\n<p class=\"gb-headline gb-headline-9ed43d8e\" id=\"18-highly-experienced-technical-consultancy\"><span class=\"gb-icon\"><svg aria-hidden=\"true\" role=\"img\" height=\"1em\" width=\"1em\" viewbox=\"0 0 192 512\" xmlns=\"http:\/\/www.w3.org\/2000\/svg\"><path fill=\"currentColor\" d=\"M96 184c39.8 0 72 32.2 72 72s-32.2 72-72 72-72-32.2-72-72 32.2-72 72-72zM24 80c0 39.8 32.2 72 72 72s72-32.2 72-72S135.8 8 96 8 24 40.2 24 80zm0 352c0 39.8 32.2 72 72 72s72-32.2 72-72-32.2-72-72-72-72 32.2-72 72z\"><\/path><\/svg><\/span><span class=\"gb-headline-text\">Erfahrene Anwendungstechniker f\u00fcr beste technische Beratung<\/span><\/p>\n\n\n\n<p class=\"gb-headline gb-headline-ea01fd0f\" id=\"19-worldwide-support\"><span class=\"gb-icon\"><svg aria-hidden=\"true\" role=\"img\" height=\"1em\" width=\"1em\" viewbox=\"0 0 192 512\" xmlns=\"http:\/\/www.w3.org\/2000\/svg\"><path fill=\"currentColor\" d=\"M96 184c39.8 0 72 32.2 72 72s-32.2 72-72 72-72-32.2-72-72 32.2-72 72-72zM24 80c0 39.8 32.2 72 72 72s72-32.2 72-72S135.8 8 96 8 24 40.2 24 80zm0 352c0 39.8 32.2 72 72 72s72-32.2 72-72-32.2-72-72-72-72 32.2-72 72z\"><\/path><\/svg><\/span><span class=\"gb-headline-text\">Weltweite Ansprechpartner<\/span><\/p>\n\n\n\n<p class=\"gb-headline gb-headline-7d44513d\" id=\"20-patented-technology\"><span class=\"gb-icon\"><svg aria-hidden=\"true\" role=\"img\" height=\"1em\" width=\"1em\" viewbox=\"0 0 192 512\" xmlns=\"http:\/\/www.w3.org\/2000\/svg\"><path fill=\"currentColor\" d=\"M96 184c39.8 0 72 32.2 72 72s-32.2 72-72 72-72-32.2-72-72 32.2-72 72-72zM24 80c0 39.8 32.2 72 72 72s72-32.2 72-72S135.8 8 96 8 24 40.2 24 80zm0 352c0 39.8 32.2 72 72 72s72-32.2 72-72-32.2-72-72-72-72 32.2-72 72z\"><\/path><\/svg><\/span><span class=\"gb-headline-text\">Patentierte Technologien<\/span><\/p>\n\n\n\n<p class=\"gb-headline gb-headline-aada4d95\" id=\"21-continuous-innovation-for-your-success\"><span class=\"gb-icon\"><svg aria-hidden=\"true\" role=\"img\" height=\"1em\" width=\"1em\" viewbox=\"0 0 192 512\" xmlns=\"http:\/\/www.w3.org\/2000\/svg\"><path fill=\"currentColor\" d=\"M96 184c39.8 0 72 32.2 72 72s-32.2 72-72 72-72-32.2-72-72 32.2-72 72-72zM24 80c0 39.8 32.2 72 72 72s72-32.2 72-72S135.8 8 96 8 24 40.2 24 80zm0 352c0 39.8 32.2 72 72 72s72-32.2 72-72-32.2-72-72-72-72 32.2-72 72z\"><\/path><\/svg><\/span><span class=\"gb-headline-text\">Kontinuierliche Forschung &amp; Innovation f\u00fcr Ihren Erfolg<\/span><\/p>\n\n\n\n<p class=\"gb-headline gb-headline-1285c212\" id=\"22-over-800-customers-in-more-than-60-countries-worldwide\"><span class=\"gb-icon\"><svg aria-hidden=\"true\" role=\"img\" height=\"1em\" width=\"1em\" viewbox=\"0 0 192 512\" xmlns=\"http:\/\/www.w3.org\/2000\/svg\"><path fill=\"currentColor\" d=\"M96 184c39.8 0 72 32.2 72 72s-32.2 72-72 72-72-32.2-72-72 32.2-72 72-72zM24 80c0 39.8 32.2 72 72 72s72-32.2 72-72S135.8 8 96 8 24 40.2 24 80zm0 352c0 39.8 32.2 72 72 72s72-32.2 72-72-32.2-72-72-72-72 32.2-72 72z\"><\/path><\/svg><\/span><span class=\"gb-headline-text\">\u00dcber 800 Kunden in mehr als 60 L\u00e4ndern weltweit<\/span><\/p>\n\n<\/div>\n<\/div>\n<\/div>\n<\/section>\n\n<section class=\"gb-container gb-container-3372ee35\">\n\n<h2 class=\"gb-headline gb-headline-11d9f88e gb-headline-text\" id=\"23-meet-our-global-distributers\">Weltweit: unsere Vertriebspartner<\/h2>\n\n\n<div class=\"gb-container gb-container-f0ac95dc\">\n<div class=\"gb-container gb-container-76c7c6f0\"><\/div>\n\n<div class=\"gb-container gb-container-07518a3f\"><\/div>\n<\/div>\n\n<div class=\"gb-grid-wrapper gb-grid-wrapper-76064b4d\">\n<div class=\"gb-grid-column gb-grid-column-b6cb145e\"><div class=\"gb-container gb-container-b6cb145e\">\n\n<figure class=\"gb-block-image gb-block-image-4b0f3f4b\"><img loading=\"lazy\" decoding=\"async\" width=\"640\" height=\"427\" class=\"gb-image gb-image-4b0f3f4b\" src=\"https:\/\/staging.unitek.at\/wp-content\/uploads\/unitek-us-canada.png\" alt=\"Unitek US Canada\" srcset=\"https:\/\/staging.unitek.at\/wp-content\/uploads\/unitek-us-canada.png 640w, https:\/\/staging.unitek.at\/wp-content\/uploads\/unitek-us-canada-300x200.png 300w\" sizes=\"auto, (max-width: 640px) 100vw, 640px\" \/><\/figure>\n\n\n\n<h3 class=\"gb-headline gb-headline-325edbe2 gb-headline-text\" id=\"24-howar-equipment-inc-\">Howar Equipment Inc.&nbsp;<\/h3>\n\n\n\n<p class=\"gb-headline gb-headline-d46badf1 gb-headline-text\" id=\"25-usa-canada\">USA, Canada<\/p>\n\n\n\n<a class=\"gb-button gb-button-3856d401 gb-button-text\" href=\"https:\/\/staging.unitek.at\/de\/where-to-buy\/\">Kontakt<\/a>\n\n<\/div><\/div>\n\n<div class=\"gb-grid-column gb-grid-column-2a8aaf3a\"><div class=\"gb-container gb-container-2a8aaf3a\">\n\n<figure class=\"gb-block-image gb-block-image-0d480299\"><img loading=\"lazy\" decoding=\"async\" width=\"640\" height=\"427\" class=\"gb-image gb-image-0d480299\" src=\"https:\/\/staging.unitek.at\/wp-content\/uploads\/unitek-japan.png\" alt=\"Unitek Japan\" srcset=\"https:\/\/staging.unitek.at\/wp-content\/uploads\/unitek-japan.png 640w, https:\/\/staging.unitek.at\/wp-content\/uploads\/unitek-japan-300x200.png 300w\" sizes=\"auto, (max-width: 640px) 100vw, 640px\" \/><\/figure>\n\n\n\n<h3 class=\"gb-headline gb-headline-0edab027 gb-headline-text\" id=\"26-unitek-japan-kk\">Unitek Japan K.K.<\/h3>\n\n\n\n<p class=\"gb-headline gb-headline-4a641569 gb-headline-text\" id=\"27-japan\">Japan<\/p>\n\n\n\n<a class=\"gb-button gb-button-bcfaa552 gb-button-text\" href=\"https:\/\/staging.unitek.at\/de\/where-to-buy\/\">Kontakt<\/a>\n\n<\/div><\/div>\n\n<div class=\"gb-grid-column gb-grid-column-ec96e214\"><div class=\"gb-container gb-container-ec96e214\">\n\n<figure class=\"gb-block-image gb-block-image-03c316bd\"><img loading=\"lazy\" decoding=\"async\" width=\"640\" height=\"427\" class=\"gb-image gb-image-03c316bd\" src=\"https:\/\/staging.unitek.at\/wp-content\/uploads\/unitek-china.png\" alt=\"Unitek China\" srcset=\"https:\/\/staging.unitek.at\/wp-content\/uploads\/unitek-china.png 640w, https:\/\/staging.unitek.at\/wp-content\/uploads\/unitek-china-300x200.png 300w\" sizes=\"auto, (max-width: 640px) 100vw, 640px\" \/><\/figure>\n\n\n\n<h3 class=\"gb-headline gb-headline-10faac93 gb-headline-text\" id=\"28-shanghai-waye-ltd\">Shanghai Waye Ltd.<\/h3>\n\n\n\n<p class=\"gb-headline gb-headline-3d17616b gb-headline-text\" id=\"29-china\">China<\/p>\n\n\n\n<a class=\"gb-button gb-button-08d2b1f5 gb-button-text\" href=\"https:\/\/staging.unitek.at\/de\/where-to-buy\/\">Kontakt<\/a>\n\n<\/div><\/div>\n\n<div class=\"gb-grid-column gb-grid-column-1a628315\"><div class=\"gb-container gb-container-1a628315\">\n\n<figure class=\"gb-block-image gb-block-image-a72d6310\"><img loading=\"lazy\" decoding=\"async\" width=\"640\" height=\"427\" class=\"gb-image gb-image-a72d6310\" src=\"https:\/\/staging.unitek.at\/wp-content\/uploads\/unitek-south-america.png\" alt=\"Unitek South America\" srcset=\"https:\/\/staging.unitek.at\/wp-content\/uploads\/unitek-south-america.png 640w, https:\/\/staging.unitek.at\/wp-content\/uploads\/unitek-south-america-300x200.png 300w\" sizes=\"auto, (max-width: 640px) 100vw, 640px\" \/><\/figure>\n\n\n\n<h3 class=\"gb-headline gb-headline-f44630df gb-headline-text\" id=\"30-rheintek-latinoamerica\">Rheintek Latinoamerica<\/h3>\n\n\n\n<p class=\"gb-headline gb-headline-110c04e1 gb-headline-text\" id=\"31-chile\">Chile<\/p>\n\n\n\n<a class=\"gb-button gb-button-4ef6b4e3 gb-button-text\" href=\"https:\/\/staging.unitek.at\/de\/where-to-buy\/\">Kontakt<\/a>\n\n<\/div><\/div>\n<\/div>\n\n\n<a class=\"gb-button gb-button-c2576afd gb-button-text\" href=\"https:\/\/staging.unitek.at\/de\/where-to-buy\/\">Alle weltweiten Vertriebspartner<\/a>\n\n<\/section>","protected":false},"excerpt":{"rendered":"<p>Crossheads | Extrusion Equipment | Consulting UNITEK is the leading provider of fixed center extrusion crossheads &amp; peripheral equipment for the wire &amp; cable industry. +43 \u2013 1 \u2013&nbsp;3325510 Give us a call office@unitek.at Drop us a line Where to buy Global distributers Benefits at a glance UNITEK rigorously pursues a strategy of highest quality &#8230; <a title=\"Home\" class=\"read-more\" href=\"https:\/\/staging.unitek.at\/de\/\" aria-label=\"Read more about Home\">Weiterlesen<\/a><\/p>","protected":false},"author":1,"featured_media":0,"parent":0,"menu_order":0,"comment_status":"closed","ping_status":"open","template":"","meta":{"_eb_attr":"","_uag_custom_page_level_css":"","ub_ctt_via":"","footnotes":""},"class_list":["post-1188","page","type-page","status-publish"],"featured_image_src":null,"uagb_featured_image_src":{"full":false,"thumbnail":false,"medium":false,"medium_large":false,"large":false,"1536x1536":false,"2048x2048":false,"trp-custom-language-flag":false},"uagb_author_info":{"display_name":"staging_dev","author_link":"https:\/\/staging.unitek.at\/de\/author\/staging_dev\/"},"uagb_comment_info":0,"uagb_excerpt":"Crossheads | Extrusion Equipment | Consulting UNITEK is the leading provider of fixed center extrusion crossheads &amp; peripheral equipment for the wire &amp; cable industry. +43 \u2013 1 \u2013&nbsp;3325510 Give us a call office@unitek.at Drop us a line Where to buy Global distributers Benefits at a glance UNITEK rigorously pursues a strategy of highest quality&hellip;","_links":{"self":[{"href":"https:\/\/staging.unitek.at\/de\/wp-json\/wp\/v2\/pages\/1188","targetHints":{"allow":["GET"]}}],"collection":[{"href":"https:\/\/staging.unitek.at\/de\/wp-json\/wp\/v2\/pages"}],"about":[{"href":"https:\/\/staging.unitek.at\/de\/wp-json\/wp\/v2\/types\/page"}],"author":[{"embeddable":true,"href":"https:\/\/staging.unitek.at\/de\/wp-json\/wp\/v2\/users\/1"}],"replies":[{"embeddable":true,"href":"https:\/\/staging.unitek.at\/de\/wp-json\/wp\/v2\/comments?post=1188"}],"version-history":[{"count":79,"href":"https:\/\/staging.unitek.at\/de\/wp-json\/wp\/v2\/pages\/1188\/revisions"}],"predecessor-version":[{"id":2000,"href":"https:\/\/staging.unitek.at\/de\/wp-json\/wp\/v2\/pages\/1188\/revisions\/2000"}],"wp:attachment":[{"href":"https:\/\/staging.unitek.at\/de\/wp-json\/wp\/v2\/media?parent=1188"}],"curies":[{"name":"wp","href":"https:\/\/api.w.org\/{rel}","templated":true}]}}